{"id":71700,"date":"2026-02-03T19:58:48","date_gmt":"2026-02-03T18:58:48","guid":{"rendered":"https:\/\/romfil.com\/cms\/?page_id=71700"},"modified":"2026-02-03T19:58:49","modified_gmt":"2026-02-03T18:58:49","slug":"der-romfil-r26-die-romfil-essenz","status":"publish","type":"page","link":"https:\/\/romfil.com\/cms\/der-romfil-r26-die-romfil-essenz\/","title":{"rendered":"Der ROMFIL R26 &#8211; Die ROMFIL Essenz"},"content":{"rendered":"\n<p>Die Idee des Romfil R26 war es, unsere Erfahrungen aus dem Anlagenbau, unsere Anspr\u00fcche an Qualit\u00e4t und Leistung mit einem ansprechenden Preis und in Einklang zu bringen. <\/p>\n\n\n\n<p>Diese Anlage wird grunds\u00e4tzlich mit einer Vollgarantie von 36 Monaten angeboten.<br>Der Romfil R26 ist eine v\u00f6llig neu konzipierte halbautomische Filtrationsanlage, die es ausschlie\u00dflich mit vier Edelstahlmodulen bei einer Filtrationsfl\u00e4che von 48 Quadratmetern gibt. Der Modul-Typ wurde spezielle auf diese Anlage angepasst.<\/p>\n\n\n\n<p><br>Als zus\u00e4tzlich buchbare Optionen werden hier nur die Zuf\u00f6rderpumpensteuerung (Option Vario) und<br>die Option Fernbedienung angeboten.<\/p>\n\n\n\n<p><\/p>\n\n\n\n<p><\/p>\n\n\n<div class=\"wp-block-image\">\n<figure class=\"aligncenter size-full\"><img loading=\"lazy\" decoding=\"async\" width=\"3024\" height=\"3055\" src=\"https:\/\/romfil.com\/cms\/wp-content\/uploads\/2026\/02\/Unbenannt.png\" alt=\"\" class=\"wp-image-71701\" srcset=\"https:\/\/romfil.com\/cms\/wp-content\/uploads\/2026\/02\/Unbenannt.png 3024w, https:\/\/romfil.com\/cms\/wp-content\/uploads\/2026\/02\/Unbenannt-297x300.png 297w, https:\/\/romfil.com\/cms\/wp-content\/uploads\/2026\/02\/Unbenannt-1014x1024.png 1014w, https:\/\/romfil.com\/cms\/wp-content\/uploads\/2026\/02\/Unbenannt-768x776.png 768w, https:\/\/romfil.com\/cms\/wp-content\/uploads\/2026\/02\/Unbenannt-1520x1536.png 1520w, https:\/\/romfil.com\/cms\/wp-content\/uploads\/2026\/02\/Unbenannt-2027x2048.png 2027w\" sizes=\"auto, (max-width: 3024px) 100vw, 3024px\" \/><\/figure><\/div>\n\n\n<p>Der halb-automatische ROMFIL R26 beherrscht bereits den automatischen Filtrationsbetrieb. Die<br>Austragungszeitenzeiten und -intervalle sind frei programmierbar und somit ideal auf das jeweilige<br>Produkt anpassbar. Die Ventile sind gr\u00f6\u00dften Teils automatisiert. Die Anlagen k\u00f6nnen weitgehend<br>unbeaufsichtigt laufen. Durch IO-Link sind diese Anlagen Industry 4.0 ready und verf\u00fcgen \u00fcber<br>Condition Monitoring. Das macht sie sehr wartungsfreundlich. Nur noch drei Handventile erm\u00f6glichen eine vereinfachte Bedienung. Die Steuerung der Anlage erfolgt \u00fcber ein komfortables Touchpanel. <\/p>\n\n\n\n<p>Die auf den Romfil R26 angepasste Rohrf\u00fchrung sichert die von Romfil gewohnte Schonung bei  beeindruckender, zuverl\u00e4ssiger Leistung. Hygienische Pumpen bieten die Sicherung des  Lebensmittelstandards.<\/p>\n\n\n\n<p><br>\u00a0<\/p>\n","protected":false},"excerpt":{"rendered":"<p>Die Idee des Romfil R26 war es, unsere Erfahrungen aus dem Anlagenbau, unsere Anspr\u00fcche an Qualit\u00e4t und Leistung mit einem<\/p>\n<p><a href=\"https:\/\/romfil.com\/cms\/der-romfil-r26-die-romfil-essenz\/\" class=\"more-link\">Continue reading<span class=\"screen-reader-text\">Der ROMFIL R26 &#8211; Die ROMFIL Essenz<\/span><\/a><\/p>\n","protected":false},"author":1,"featured_media":71701,"parent":0,"menu_order":0,"comment_status":"closed","ping_status":"closed","template":"","meta":{"footnotes":""},"class_list":["post-71700","page","type-page","status-publish","has-post-thumbnail","hentry"],"_links":{"self":[{"href":"https:\/\/romfil.com\/cms\/wp-json\/wp\/v2\/pages\/71700","targetHints":{"allow":["GET"]}}],"collection":[{"href":"https:\/\/romfil.com\/cms\/wp-json\/wp\/v2\/pages"}],"about":[{"href":"https:\/\/romfil.com\/cms\/wp-json\/wp\/v2\/types\/page"}],"author":[{"embeddable":true,"href":"https:\/\/romfil.com\/cms\/wp-json\/wp\/v2\/users\/1"}],"replies":[{"embeddable":true,"href":"https:\/\/romfil.com\/cms\/wp-json\/wp\/v2\/comments?post=71700"}],"version-history":[{"count":1,"href":"https:\/\/romfil.com\/cms\/wp-json\/wp\/v2\/pages\/71700\/revisions"}],"predecessor-version":[{"id":71702,"href":"https:\/\/romfil.com\/cms\/wp-json\/wp\/v2\/pages\/71700\/revisions\/71702"}],"wp:featuredmedia":[{"embeddable":true,"href":"https:\/\/romfil.com\/cms\/wp-json\/wp\/v2\/media\/71701"}],"wp:attachment":[{"href":"https:\/\/romfil.com\/cms\/wp-json\/wp\/v2\/media?parent=71700"}],"curies":[{"name":"wp","href":"https:\/\/api.w.org\/{rel}","templated":true}]}}