{"id":71626,"date":"2025-01-26T23:32:49","date_gmt":"2025-01-26T22:32:49","guid":{"rendered":"https:\/\/romfil.com\/cms\/?page_id=71626"},"modified":"2025-01-27T00:51:19","modified_gmt":"2025-01-26T23:51:19","slug":"halbautomatisierte-filtration","status":"publish","type":"page","link":"https:\/\/romfil.com\/cms\/halbautomatisierte-filtration\/","title":{"rendered":"Halbautomatisierte Filtration"},"content":{"rendered":"\n<p>Unsere halbautomatischen Crossflow Filtrationsanlagen richtet sich an den erfahrenen Anwender, der sein Produkt h\u00f6chst m\u00f6glich schonen m\u00f6chte. Die Rohrf\u00fchrung und -querschnitte sind dementsprechend optimiert, die Pumpenleistung ad\u00e4quat zugeschnitten. Ein unn\u00f6tiger Druck, eine unn\u00f6tige Bewegung oder eine unn\u00f6tige Erw\u00e4rmung des Produktes wird vermieden. Die Anlagen sind mit modernsten Touch-Panel ausgestattet.<\/p>\n\n\n\n<p>Diese semi-automatischen Anlagen beherrschen allerdings den automatischen Filtrationsbetrieb. Die R\u00fccksp\u00fclzeiten und -intervalle sind frei programmierbar und somit ideal auf das jeweilige Produkt anpassbar. Die Ventile sind teilweise automatisiert. Die Anlagen ben\u00f6tigen deshalb keine st\u00e4ndige \u00dcberwachung durch den Anwender.<\/p>\n\n\n\n<p><\/p>\n\n\n\n<p>Unsere halbautomatischen Anlagen sind als schonende Gentle Line genauso wie als hochleistende Industry Line erh\u00e4ltlich.<\/p>\n\n\n\n<p>Die Gentle Line ist auf maximale Schonung des Produkts ausgelegt. <\/p>\n\n\n<div class=\"wp-block-image\">\n<figure class=\"aligncenter size-full\"><img loading=\"lazy\" decoding=\"async\" width=\"660\" height=\"776\" src=\"https:\/\/romfil.com\/cms\/wp-content\/uploads\/2025\/01\/IMG-20180123-WA0004-1.jpg\" alt=\"\" class=\"wp-image-71656\" srcset=\"https:\/\/romfil.com\/cms\/wp-content\/uploads\/2025\/01\/IMG-20180123-WA0004-1.jpg 660w, https:\/\/romfil.com\/cms\/wp-content\/uploads\/2025\/01\/IMG-20180123-WA0004-1-255x300.jpg 255w\" sizes=\"auto, (max-width: 660px) 100vw, 660px\" \/><\/figure><\/div>\n\n\n<p>Die Industry Line hingegen richtet sich an den Anwender, dessen Fokus vor allem darauf liegt,<strong> gro\u00dfe Mengen m\u00f6glichst effizient <\/strong>zu filtrieren. Neben Standardprodukten wie <strong>weinhaltige Getr\u00e4nke, setzen wir diese Anlagen auch zur Filtration von Fl\u00fcssigkeiten mit erh\u00f6htem Trubstoffanteil <\/strong>ein. Zu diesem Zweck sind Rohrf\u00fchrung und -querschnitte an diese Anforderungen angepasst und die Pumpenleistung entsprechend vergr\u00f6\u00dfert. Die eingesetzten Module sind im <strong>Edelstahlgeh\u00e4use und verf\u00fcgen \u00fcber einen deutlich gr\u00f6\u00dferen Innendurchmesser und Wandst\u00e4rke der Faser bei gleichbleibender Trennsch\u00e4rfe<\/strong>. Die Bedienung erfolgt auch hier \u00fcber modernste TouchPanel.<br>&nbsp;<\/p>\n\n\n<div class=\"wp-block-image\">\n<figure class=\"aligncenter size-large\"><img loading=\"lazy\" decoding=\"async\" width=\"925\" height=\"1024\" src=\"https:\/\/romfil.com\/cms\/wp-content\/uploads\/2025\/01\/IMG_5272-1-925x1024.jpg\" alt=\"\" class=\"wp-image-71657\" srcset=\"https:\/\/romfil.com\/cms\/wp-content\/uploads\/2025\/01\/IMG_5272-1-925x1024.jpg 925w, https:\/\/romfil.com\/cms\/wp-content\/uploads\/2025\/01\/IMG_5272-1-271x300.jpg 271w, https:\/\/romfil.com\/cms\/wp-content\/uploads\/2025\/01\/IMG_5272-1-768x850.jpg 768w, https:\/\/romfil.com\/cms\/wp-content\/uploads\/2025\/01\/IMG_5272-1.jpg 1134w\" sizes=\"auto, (max-width: 925px) 100vw, 925px\" \/><\/figure><\/div>","protected":false},"excerpt":{"rendered":"<p>Unsere halbautomatischen Crossflow Filtrationsanlagen richtet sich an den erfahrenen Anwender, der sein Produkt h\u00f6chst m\u00f6glich schonen m\u00f6chte. Die Rohrf\u00fchrung und<\/p>\n<p><a href=\"https:\/\/romfil.com\/cms\/halbautomatisierte-filtration\/\" class=\"more-link\">Continue reading<span class=\"screen-reader-text\">Halbautomatisierte Filtration<\/span><\/a><\/p>\n","protected":false},"author":1,"featured_media":0,"parent":0,"menu_order":0,"comment_status":"closed","ping_status":"closed","template":"","meta":{"footnotes":""},"class_list":["post-71626","page","type-page","status-publish","hentry"],"_links":{"self":[{"href":"https:\/\/romfil.com\/cms\/wp-json\/wp\/v2\/pages\/71626","targetHints":{"allow":["GET"]}}],"collection":[{"href":"https:\/\/romfil.com\/cms\/wp-json\/wp\/v2\/pages"}],"about":[{"href":"https:\/\/romfil.com\/cms\/wp-json\/wp\/v2\/types\/page"}],"author":[{"embeddable":true,"href":"https:\/\/romfil.com\/cms\/wp-json\/wp\/v2\/users\/1"}],"replies":[{"embeddable":true,"href":"https:\/\/romfil.com\/cms\/wp-json\/wp\/v2\/comments?post=71626"}],"version-history":[{"count":3,"href":"https:\/\/romfil.com\/cms\/wp-json\/wp\/v2\/pages\/71626\/revisions"}],"predecessor-version":[{"id":71658,"href":"https:\/\/romfil.com\/cms\/wp-json\/wp\/v2\/pages\/71626\/revisions\/71658"}],"wp:attachment":[{"href":"https:\/\/romfil.com\/cms\/wp-json\/wp\/v2\/media?parent=71626"}],"curies":[{"name":"wp","href":"https:\/\/api.w.org\/{rel}","templated":true}]}}