{"id":71623,"date":"2025-01-26T23:22:19","date_gmt":"2025-01-26T22:22:19","guid":{"rendered":"https:\/\/romfil.com\/cms\/?page_id=71623"},"modified":"2025-01-27T02:08:31","modified_gmt":"2025-01-27T01:08:31","slug":"manuelle-gesteuerte-filtration","status":"publish","type":"page","link":"https:\/\/romfil.com\/cms\/manuelle-gesteuerte-filtration\/","title":{"rendered":"Manuell gesteuerte Filtration"},"content":{"rendered":"\n<p>Die Starter Line ist der Einstieg in die ROMFIL Filtrationswelt. <strong>Sie ist ideal f\u00fcr kleinere Partien<\/strong>.<strong> <\/strong>Diese Anlagen geben dem Anwender vollste Kontrolle \u00fcber den Filtrationsvorgang. Eine manuelle R\u00fccksp\u00fclung oder eine st\u00e4ndige teilweise R\u00fccksp\u00fclung der zu filtrierenden Fl\u00fcssigkeit ist jederzeit m\u00f6glich. Die Ausstattungsvariante verzichtet auf automatische Ventile. Dem Anwender ist es so m\u00f6glich, das Prinzip der ROMFIL Crossflow-Filtrationstechnologie genau <strong>kennen zu lernen<\/strong> und zu steuern.<\/p>\n\n\n\n<p><br>&nbsp;<\/p>\n\n\n<div class=\"wp-block-image\">\n<figure class=\"aligncenter size-full\"><img loading=\"lazy\" decoding=\"async\" width=\"643\" height=\"684\" src=\"https:\/\/romfil.com\/cms\/wp-content\/uploads\/2025\/01\/Bild2-1.png\" alt=\"\" class=\"wp-image-71683\" srcset=\"https:\/\/romfil.com\/cms\/wp-content\/uploads\/2025\/01\/Bild2-1.png 643w, https:\/\/romfil.com\/cms\/wp-content\/uploads\/2025\/01\/Bild2-1-282x300.png 282w\" sizes=\"auto, (max-width: 643px) 100vw, 643px\" \/><\/figure><\/div>\n\n\n<p><\/p>\n\n\n\n<p><strong><mark style=\"background-color:rgba(0, 0, 0, 0)\" class=\"has-inline-color has-white-color\">Der RXF-LAB\u2014Was ist Restmenge?<\/mark><\/strong><\/p>\n\n\n\n<p>Eine Besonderheit in der Starter Line ist der <strong>RXF-LAB<\/strong>. Er ist konsequent auf eine \u00e4u\u00dferst geringe Restmenge ausgelegt. Dazu besitzt er ein automatisches Ventil. <strong>Die nicht filtrierbare Restmenge betr\u00e4gt hier circa 250ml<\/strong>.<strong> <\/strong>Zusammen mit den Produktr\u00fcckst\u00e4nden, die physikalisch in den Fasern verbleiben, bleiben wir insgesamt bei einer Restmenge, die unter 1000ml liegt.<\/p>\n\n\n\n<p>Diese kleine Anlage ist f\u00fcr alle interessant, die darauf Wert legen kleinere Chargen zu filtrieren, bei denen von der&nbsp; Restmenge zu vernachl\u00e4ssigen wenig zur\u00fcckbleibt. Das kann zum Beispiel bei der Filtration der <strong>Trockenbeerenauslese<\/strong> interessant sein.<\/p>\n\n\n<div class=\"wp-block-image\">\n<figure class=\"aligncenter size-full\"><img loading=\"lazy\" decoding=\"async\" width=\"597\" height=\"890\" src=\"https:\/\/romfil.com\/cms\/wp-content\/uploads\/2025\/01\/Bild3-1.png\" alt=\"\" class=\"wp-image-71684\" srcset=\"https:\/\/romfil.com\/cms\/wp-content\/uploads\/2025\/01\/Bild3-1.png 597w, https:\/\/romfil.com\/cms\/wp-content\/uploads\/2025\/01\/Bild3-1-201x300.png 201w\" sizes=\"auto, (max-width: 597px) 100vw, 597px\" \/><\/figure><\/div>","protected":false},"excerpt":{"rendered":"<p>Die Starter Line ist der Einstieg in die ROMFIL Filtrationswelt. Sie ist ideal f\u00fcr kleinere Partien. Diese Anlagen geben dem<\/p>\n<p><a href=\"https:\/\/romfil.com\/cms\/manuelle-gesteuerte-filtration\/\" class=\"more-link\">Continue reading<span class=\"screen-reader-text\">Manuell gesteuerte Filtration<\/span><\/a><\/p>\n","protected":false},"author":1,"featured_media":0,"parent":0,"menu_order":0,"comment_status":"closed","ping_status":"closed","template":"","meta":{"footnotes":""},"class_list":["post-71623","page","type-page","status-publish","hentry"],"_links":{"self":[{"href":"https:\/\/romfil.com\/cms\/wp-json\/wp\/v2\/pages\/71623","targetHints":{"allow":["GET"]}}],"collection":[{"href":"https:\/\/romfil.com\/cms\/wp-json\/wp\/v2\/pages"}],"about":[{"href":"https:\/\/romfil.com\/cms\/wp-json\/wp\/v2\/types\/page"}],"author":[{"embeddable":true,"href":"https:\/\/romfil.com\/cms\/wp-json\/wp\/v2\/users\/1"}],"replies":[{"embeddable":true,"href":"https:\/\/romfil.com\/cms\/wp-json\/wp\/v2\/comments?post=71623"}],"version-history":[{"count":4,"href":"https:\/\/romfil.com\/cms\/wp-json\/wp\/v2\/pages\/71623\/revisions"}],"predecessor-version":[{"id":71685,"href":"https:\/\/romfil.com\/cms\/wp-json\/wp\/v2\/pages\/71623\/revisions\/71685"}],"wp:attachment":[{"href":"https:\/\/romfil.com\/cms\/wp-json\/wp\/v2\/media?parent=71623"}],"curies":[{"name":"wp","href":"https:\/\/api.w.org\/{rel}","templated":true}]}}