{"id":71604,"date":"2025-01-26T22:21:21","date_gmt":"2025-01-26T21:21:21","guid":{"rendered":"https:\/\/romfil.com\/cms\/?page_id=71604"},"modified":"2025-01-26T23:08:19","modified_gmt":"2025-01-26T22:08:19","slug":"die-romfil-crossflow-filtration","status":"publish","type":"page","link":"https:\/\/romfil.com\/cms\/die-romfil-crossflow-filtration\/","title":{"rendered":"Die Romfil Crossflow Filtration"},"content":{"rendered":"\n<p>Herk\u00f6mmliche, statische Filtrationsverfahren &#8211; wie Schichtenfiltration oder Filtration mit Kieselgur &#8211; arbeiten zur Kl\u00e4rung von Fl\u00fcssigkeiten mit Filterplatten oder Sedimenten zwischen Trub\u2013 und Klarseite. All diese Varianten sind diskontinuierliche Verfahren. Man kann sie als so genannte Dead-End-Filtrationen bezeichnen, bei denen die Filtermedien nach einer bestimmten Anzahl von Filtrationen ausgereizt sind und erneuert werden m\u00fcssen. Diese m\u00fcssen dann entsorgt werden. Zur Feinst\u2013 bzw. Klarfiltration sind in jedem Fall Endfiltrationskerzen n\u00f6tig. Mit der ROMFIL Crossflow Filtrations Technologie <strong>verzichten Sie auf die Nachteile der herk\u00f6mmlichen, statischen Filtrationsmethode. Sie arbeiten komfortabel, kosteneffizient und nachhaltig. Dabei produzieren Sie weniger Abfall, sparen Energie, Arbeitszeit und \u2013kraft.<\/strong><br>&nbsp;<\/p>\n\n\n\n<p>Bei der ROMFIL Crossflow Filtration wird der Fl\u00fcssigkeitsstrom nicht entgegen, sondern entlang der Membran gef\u00fchrt. Die por\u00f6se Oberfl\u00e4che dieser Hohlfaser-Membran erm\u00f6glicht das <strong>sanfte Austreten des Filtrats.<\/strong><\/p>\n\n\n\n<p>Zus\u00e4tzlich erfolgt eine <strong>kontrollierte, schonend-effiziente R\u00fccksp\u00fclung mit dem Filtrat w\u00e4hrend des Filtrationsvorganges<\/strong>.<strong> <\/strong>So wird unter anderem eine etwaige Verblockung ausgeschlossen.<br>Die Filtration mit der ROMFIL Crossflow Filtrationstechnologie erm\u00f6glicht eine l\u00e4ngere Standzeit Ihrer Anlage.<\/p>\n\n\n\n<p><strong>Zus\u00e4tzlich arbeiten Sie mit einem neutralen Filtermedium<\/strong>. Eine Vermischung des Filtrats mit<br>Filtrierhilfsmitteln entf\u00e4llt. Zeit und Kosten werden eingespart. Ein weiterer Pluspunkt einer ROMFIL Crossflow Filtrationsanlage ist ein <strong>deutlich geringerer Filtrationsverlust <\/strong>im Vergleich zu<br>herk\u00f6mmlichen Fitrationsmethoden.<\/p>\n\n\n\n<figure class=\"wp-block-image size-full\"><img loading=\"lazy\" decoding=\"async\" width=\"827\" height=\"380\" src=\"https:\/\/romfil.com\/cms\/wp-content\/uploads\/2016\/11\/schematic-rcf.png\" alt=\"\" class=\"wp-image-71130\" srcset=\"https:\/\/romfil.com\/cms\/wp-content\/uploads\/2016\/11\/schematic-rcf.png 827w, https:\/\/romfil.com\/cms\/wp-content\/uploads\/2016\/11\/schematic-rcf-300x138.png 300w, https:\/\/romfil.com\/cms\/wp-content\/uploads\/2016\/11\/schematic-rcf-768x353.png 768w\" sizes=\"auto, (max-width: 827px) 100vw, 827px\" \/><\/figure>\n\n\n\n<p><\/p>\n\n\n\n<p><strong><mark style=\"background-color:rgba(0, 0, 0, 0)\" class=\"has-inline-color has-red-color\">Energie- und kosteneffizient Filtrieren &#8211; in nur einem Filtrationsgang<\/mark><\/strong><\/p>\n\n\n\n<p>Seit Langem folgen wir der politischen und gesellschaftlichen Debatte um Strom- und Energiepreise. Dar\u00fcber hinaus achten auch die Kunden unserer Kunden verst\u00e4rkt auf den Umweltschutz und auf ihren \u00f6kologischen Fu\u00dfabdruck. ROMFIL hat diese Aspekte selbstverst\u00e4ndlich im Blick und arbeitet stetig an der Verbesserung der Energieeffizienz&nbsp; der Ger\u00e4te. <strong>In nur einem Filtrationsgang filtrierend sind unsere Anlagen die energiesparendsten Crossflow Filtrationsanlagen auf dem Markt. Die langen Standzeiten der <\/strong><strong>ROMFIL <\/strong><strong>Filtrationsanlagen erm\u00f6glichen den Betrieben ein langes Arbeiten mit ihnen und sichern das get\u00e4tigte Investment. Dar\u00fcber hinaus erm\u00f6glicht die geringe Restmenge unserer Anlagen einen m\u00f6glichst hohen Output ihres Ausgangsproduktes.<\/strong><\/p>\n\n\n\n<p><\/p>\n\n\n\n<p>Als einer der wenigen Hersteller von Crossflow Filtrationsanlagen sind die ROMFIL Crossflow Filtrationsanlagen <strong>konform mit der EU-Verordnung 10\/2011 \u00fcber Materialien und Gegenst\u00e4nde, die dazu bestimmt sind, mit Lebensmitteln in Ber\u00fchrung zu kommen<\/strong>. <\/p>\n\n\n\n<p>Schon ab dem Einstiegsmodell aus der Starter Line mit einem oder zwei Modulen sind alle ROMFIL Crossflow Filtrationssysteme serienm\u00e4\u00dfig mit einer <strong>automatischen Mindermengenabschaltung <\/strong>ausgestattet. Die Starter Line ist serienm\u00e4\u00dfig mit Evoflux Modulen ausgestattet und hat alles, was man zum Crossflow Filtrieren ben\u00f6tigt. Alle sonstigen Systeme (Gentle Line und Industry Line) verf\u00fcgen \u00fcber eine breitere Anzahl technischer Features. <\/p>\n\n\n\n<p><strong>Je nach Kundenwunsch und Schonungsanspruch ans Produkt k\u00f6nnen diese Anlagen bis hin zur vollautomatischen Filtration ausgestattet werden.<\/strong><br>\u00a0<\/p>\n\n\n\n<p>Unsere Kundinnen und Kunden haben hohe Anspr\u00fcche an ihr Produkt. Wir ebenfalls.<\/p>\n\n\n\n<p>Aus diesem Grund unterliegen unsere Anlagen strengsten Auflagen und Qualit\u00e4tsanforderungen. <strong>Wir verwenden ausschlie\u00dflich hochwertigen<br>Edelstahl<\/strong> als Ausgangsmaterial zur Herstellung. Auch an <strong>Kleinigkeiten, die den Arbeitsalltag langfristig angenehm <\/strong>gestalten, haben wir gedacht. So sind die Anlagen mit Edelstahlr\u00e4dern mit Kunststoff-Gleitlagern ausgestattet. So lassen sie sich viele Jahre unkompliziert bewegen. Unsere Module werden speziell f\u00fcr die ROMFIL GmbH entwickelt und hergestellt. <strong>All das garantiert Sicherheit sowie ein zuverl\u00e4ssiges und effizientes Arbeiten mit unseren Crossflow Filtrationsanlagen<\/strong>.<\/p>\n","protected":false},"excerpt":{"rendered":"<p>Herk\u00f6mmliche, statische Filtrationsverfahren &#8211; wie Schichtenfiltration oder Filtration mit Kieselgur &#8211; arbeiten zur Kl\u00e4rung von Fl\u00fcssigkeiten mit Filterplatten oder Sedimenten<\/p>\n<p><a href=\"https:\/\/romfil.com\/cms\/die-romfil-crossflow-filtration\/\" class=\"more-link\">Continue reading<span class=\"screen-reader-text\">Die Romfil Crossflow Filtration<\/span><\/a><\/p>\n","protected":false},"author":1,"featured_media":0,"parent":0,"menu_order":0,"comment_status":"closed","ping_status":"closed","template":"","meta":{"footnotes":""},"class_list":["post-71604","page","type-page","status-publish","hentry"],"_links":{"self":[{"href":"https:\/\/romfil.com\/cms\/wp-json\/wp\/v2\/pages\/71604","targetHints":{"allow":["GET"]}}],"collection":[{"href":"https:\/\/romfil.com\/cms\/wp-json\/wp\/v2\/pages"}],"about":[{"href":"https:\/\/romfil.com\/cms\/wp-json\/wp\/v2\/types\/page"}],"author":[{"embeddable":true,"href":"https:\/\/romfil.com\/cms\/wp-json\/wp\/v2\/users\/1"}],"replies":[{"embeddable":true,"href":"https:\/\/romfil.com\/cms\/wp-json\/wp\/v2\/comments?post=71604"}],"version-history":[{"count":3,"href":"https:\/\/romfil.com\/cms\/wp-json\/wp\/v2\/pages\/71604\/revisions"}],"predecessor-version":[{"id":71617,"href":"https:\/\/romfil.com\/cms\/wp-json\/wp\/v2\/pages\/71604\/revisions\/71617"}],"wp:attachment":[{"href":"https:\/\/romfil.com\/cms\/wp-json\/wp\/v2\/media?parent=71604"}],"curies":[{"name":"wp","href":"https:\/\/api.w.org\/{rel}","templated":true}]}}