{"id":71272,"date":"2016-11-27T17:28:40","date_gmt":"2016-11-27T16:28:40","guid":{"rendered":"http:\/\/romfil.com\/cms\/?page_id=71272"},"modified":"2025-01-27T13:53:41","modified_gmt":"2025-01-27T12:53:41","slug":"home-2","status":"publish","type":"page","link":"https:\/\/romfil.com\/cms\/","title":{"rendered":"Romfil &#8211; Premium Crossflow Filtration"},"content":{"rendered":"\n<p><\/p>\n\n\n<p>Die ROMFIL GmbH ist von der Gr\u00fcndung an ein Familienunternehmen des deutschen Mittelstandes. Seit nunmehr \u00fcber einem Jahrzehnt f\u00fchren Axel Lorei und Ehefrau Janine Lorei zusammen die Gesch\u00e4fte des Unternehmens. Alle Anlagen werden komplett in Bad Kreuznach geplant und gefertigt. Der Kundenservice ist ebenso vor Ort angesiedelt\u2014pers\u00f6nlich und kundennah. Ersatzteile sind immer vor Ort an Lager. ROMFIL \u00a0versorgt die Kunden von der manuellen Anlage \u00fcber die halbautomatische bis hin zu vollautomatischen Anlagen &#8211; je nach Kundenwunsch und Anspruch. Unternehmensziel ist es, zuverl\u00e4ssige und modernste Anlagen zu schaffen, die den Anspr\u00fcchen unserer Kundinnen und Kunden gerecht werden: Zum einen der Ressourcenknappheit bei Energie, als auch der Arbeitszeit sowie der Arbeitskraft. Die Schonung des Produktes wird dabei nicht vernachl\u00e4ssigt. ROMFIL steht f\u00fcr Qualit\u00e4t, Zuverl\u00e4ssigkeit und Pr\u00e4zision in der Herstellung und der Verarbeitung. Dar\u00fcber hinaus &#8211; in Zeiten wachsender Rohstoff- und Energiepreise &#8211; sind wir stolz, unseren Kunden eine energie- und kosteneffiziente M\u00f6glichkeit der Filtration zur Verf\u00fcgung stellen zu k\u00f6nnen.<\/p>\n<p>Wie gewohnt: Made in Germany.<\/p>\n<p>&nbsp;<\/p>\n<p>ROMFIL Crossflow Filtrationsanlagen wurden urspr\u00fcnglich f\u00fcr die <strong>schonende Filtration von Wein <\/strong>konzipiert und dort erfolgreich eingesetzt. Die st\u00e4ndige Weiterentwicklung unserer Technologie erm\u00f6glicht es, ROMFIL Crossflow Filtrationsanlagen in <strong>unterschiedlichen Branchen einzusetzen. Mittlerweile werden Fl\u00fcssigkeiten in vielen anderen Bereichen mit der <\/strong><strong>ROMFIL<\/strong><strong> Technologie filtriert<\/strong>. Beispiele daf\u00fcr sind:<\/p>\n<ul>\n<li><b>Sekt<\/b><\/li>\n<li><b>Fruchtsaft<\/b><\/li>\n<li><b>Trink- und Prozesswasser\u00a0<\/b><\/li>\n<li><b>Mineralwasser<\/b><\/li>\n<li><b>Destillate\u00a0 \u00a0 <\/b><\/li>\n<li><b>Essig\u00a0<\/b><\/li>\n<li><b>Eistee\u00a0 \u00a0 \u00a0 \u00a0 \u00a0 \u00a0 \u00a0<\/b><\/li>\n<li><b>Most\u00a0\u00a0 <\/b><\/li>\n<li><b>Pharmaprodukte<\/b><b>\u00a0 \u00a0 \u00a0 \u00a0 \u00a0 \u00a0 \u00a0 \u00a0 \u00a0 \u00a0 \u00a0<\/b><\/li>\n<li><b>Spirituosen <\/b><\/li>\n<li><b>S\u00fc\u00dfmittell\u00f6sungen<\/b><\/li>\n<li><b>Met\u00a0<\/b><\/li>\n<li>Molke<\/li>\n<li><b>Fruchtweine\u00a0<\/b><\/li>\n<\/ul>\n<p>und vieles mehr&#8230;.<\/p>\n\n\n<p><strong>Bei der Filtration mit einer ROMFIL Crossflow Filtrationsanlage kann auf viele g\u00e4ngige <mark style=\"background-color:rgba(0, 0, 0, 0)\" class=\"has-inline-color has-white-color\">Sch\u00f6nungsmittel verzichtet<\/mark> werden<\/strong>. Das ist besonders dann interessant, wenn Produkte <strong>vegan<\/strong> bleiben m\u00fcssen. Bei der Saft\u2013 und Weinproduktion kann von der Verwendung von Gelatine abgesehen werden.&nbsp; Gerne bieten wir Ihnen die M\u00f6glichkeit, mit unseren Testger\u00e4ten auszuloten, auf welche Sch\u00f6nungsmittel Sie verzichten k\u00f6nnen.<\/p>\n\n\n\n<p>Alle von uns verwendeten Materialien und deren Verarbeitung unterliegen h\u00f6chsten Anspr\u00fcchen. Wir hoffen, unsere Freude an <strong>Qualit\u00e4t und Pr\u00e4zision <\/strong>\u00fcbertr\u00e4gt sich auf unsere Kunden.<\/p>\n\n\n\n<p>Unsere Anlagen sind so konzipiert und gebaut, dass deren Bestandteile <strong>unkompliziert und einfach zu wechseln und zu warten<\/strong> sind.\u00a0 Verschlei\u00dfteile wie Gleitringdichtungen und Lager von Pumpen lassen sich schnell austauschen. Dar\u00fcber hinaus sind wir als Hersteller bem\u00fcht, m\u00f6glichst viele Ersatzteile st\u00e4ndig an Lager zu haben. So sind unsere Anlagen schnellst m\u00f6glich wieder einsatzbereit.<\/p>\n\n\n\n<p><mark style=\"background-color:rgba(0, 0, 0, 0)\" class=\"has-inline-color has-white-color\">Einen <strong>besonderen Service<\/strong> bietet Romfil allen Kundinnen und Kunden, die sich innerhalb eines Jahres nach dem Kauf einer Romfil Crossflow Filtrationsanlage f\u00fcr den Kauf einer gr\u00f6\u00dferen Anlage entscheiden. Romfil nimmt innerhalb des ersten Jahres die Anlage zum kompletten Anschaffungspreis zur\u00fcck. Die Kundin oder der Kunde beh\u00e4lt seine bereits verwendeten Module und \u00fcbernimmt\u00a0 diese in die neue, gr\u00f6\u00dfere Filtrationsanlage. So ist nur die Differenz zwischen der kleineren und der entsprechenden gro\u00dfen Anlage als Aufpreis zu begleichen.\u00a0<\/mark>\u00a0\u00a0\u00a0\u00a0\u00a0\u00a0\u00a0\u00a0\u00a0\u00a0<\/p>\n\n\n\n<p><strong>Vom vollst\u00e4ndigen <mark style=\"background-color:rgba(0, 0, 0, 0)\" class=\"has-inline-color has-white-color\">Kauf <\/mark>der Anlage \u00fcber <mark style=\"background-color:rgba(0, 0, 0, 0)\" class=\"has-inline-color has-white-color\">Leasing<\/mark> bis hin zu verschiedenen <mark style=\"background-color:rgba(0, 0, 0, 0)\" class=\"has-inline-color has-white-color\">Mietmodellen<\/mark> einer <\/strong>Romfil <strong>Crossflow Filtrationsanlage: <\/strong>Romfil <strong>bietet verschiedene M\u00f6glichkeiten. Sprechen Sie uns\u00a0 an!<\/strong><\/p>\n\n\n\n<p><\/p>\n","protected":false},"excerpt":{"rendered":"<p>Die ROMFIL GmbH ist von der Gr\u00fcndung an ein Familienunternehmen des deutschen Mittelstandes. Seit nunmehr \u00fcber einem Jahrzehnt f\u00fchren Axel<\/p>\n<p><a href=\"https:\/\/romfil.com\/cms\/\" class=\"more-link\">Continue reading<span class=\"screen-reader-text\">Romfil &#8211; Premium Crossflow Filtration<\/span><\/a><\/p>\n","protected":false},"author":1,"featured_media":71446,"parent":0,"menu_order":0,"comment_status":"closed","ping_status":"closed","template":"","meta":{"footnotes":""},"class_list":["post-71272","page","type-page","status-publish","has-post-thumbnail","hentry"],"_links":{"self":[{"href":"https:\/\/romfil.com\/cms\/wp-json\/wp\/v2\/pages\/71272","targetHints":{"allow":["GET"]}}],"collection":[{"href":"https:\/\/romfil.com\/cms\/wp-json\/wp\/v2\/pages"}],"about":[{"href":"https:\/\/romfil.com\/cms\/wp-json\/wp\/v2\/types\/page"}],"author":[{"embeddable":true,"href":"https:\/\/romfil.com\/cms\/wp-json\/wp\/v2\/users\/1"}],"replies":[{"embeddable":true,"href":"https:\/\/romfil.com\/cms\/wp-json\/wp\/v2\/comments?post=71272"}],"version-history":[{"count":10,"href":"https:\/\/romfil.com\/cms\/wp-json\/wp\/v2\/pages\/71272\/revisions"}],"predecessor-version":[{"id":71687,"href":"https:\/\/romfil.com\/cms\/wp-json\/wp\/v2\/pages\/71272\/revisions\/71687"}],"wp:featuredmedia":[{"embeddable":true,"href":"https:\/\/romfil.com\/cms\/wp-json\/wp\/v2\/media\/71446"}],"wp:attachment":[{"href":"https:\/\/romfil.com\/cms\/wp-json\/wp\/v2\/media?parent=71272"}],"curies":[{"name":"wp","href":"https:\/\/api.w.org\/{rel}","templated":true}]}}