{"id":71270,"date":"2016-11-27T17:21:48","date_gmt":"2016-11-27T16:21:48","guid":{"rendered":"http:\/\/romfil.com\/cms\/?page_id=71270"},"modified":"2025-01-27T00:21:17","modified_gmt":"2025-01-26T23:21:17","slug":"vorfuhrung","status":"publish","type":"page","link":"https:\/\/romfil.com\/cms\/vorfuhrung\/","title":{"rendered":"Vorf\u00fchrung"},"content":{"rendered":"<p><strong>Sie wollen die Romfil Technologie direkt an Ihren Produkten erleben? Kein Problem, schreiben Sie uns an:<\/strong><br \/><br \/><strong><a href=\"mailto:info@romfil.com\">info@romfil.com<\/a><\/strong><\/p>\n<p>&nbsp;<\/p>\n<h3>Was man bekommt<\/h3>\n<p class=\"with-icon\"><i class=\"ion-ios-telephone-outline\"><\/i>Ein zeitnaher Anruf oder eine Email von uns, um die Details abzustimmen.<\/p>\n<p class=\"with-icon\"><i class=\"ion-ios-calculator-outline\"><\/i>Eine kompetente Beratung um Ihre Bed\u00fcrfnisse auszuloten.<\/p>\n<p class=\"with-icon\"><i class=\"ion-ios-person-outline\"><\/i>Eine Vorf\u00fchrung mit einer Filtrationsanlage nach Wunsch. Wir haben eine Vorf\u00fchrflotte von klein bis gro\u00df, von manuell bedienbar bis vollautomatisiert, von Nano- \u00fcber Ultra- bis zur im Getr\u00e4nkebereich \u00fcblichen Mikrofiltration.<\/p>\n<p class=\"with-icon\">Ein Romfil Experte begleitet die Vorf\u00fchrung, erl\u00e4utert Ihnen das System und beantwortet Ihre Fragen.<\/p>\n<p>&nbsp;<\/p>\n\n\n<figure class=\"wp-block-image size-large\"><img loading=\"lazy\" decoding=\"async\" width=\"1024\" height=\"510\" src=\"https:\/\/romfil.com\/cms\/wp-content\/uploads\/2025\/01\/IMG_9933-1-1024x510.jpg\" alt=\"\" class=\"wp-image-71610\" srcset=\"https:\/\/romfil.com\/cms\/wp-content\/uploads\/2025\/01\/IMG_9933-1-1024x510.jpg 1024w, https:\/\/romfil.com\/cms\/wp-content\/uploads\/2025\/01\/IMG_9933-1-300x149.jpg 300w, https:\/\/romfil.com\/cms\/wp-content\/uploads\/2025\/01\/IMG_9933-1-768x383.jpg 768w, https:\/\/romfil.com\/cms\/wp-content\/uploads\/2025\/01\/IMG_9933-1.jpg 1134w\" sizes=\"auto, (max-width: 1024px) 100vw, 1024px\" \/><\/figure>\n","protected":false},"excerpt":{"rendered":"<p>Sie wollen die Romfil Technologie direkt an Ihren Produkten erleben? Kein Problem, schreiben Sie uns an: info@romfil.com &nbsp; Was man<\/p>\n<p><a href=\"https:\/\/romfil.com\/cms\/vorfuhrung\/\" class=\"more-link\">Continue reading<span class=\"screen-reader-text\">Vorf\u00fchrung<\/span><\/a><\/p>\n","protected":false},"author":1,"featured_media":0,"parent":0,"menu_order":0,"comment_status":"closed","ping_status":"closed","template":"","meta":{"footnotes":""},"class_list":["post-71270","page","type-page","status-publish","hentry"],"_links":{"self":[{"href":"https:\/\/romfil.com\/cms\/wp-json\/wp\/v2\/pages\/71270","targetHints":{"allow":["GET"]}}],"collection":[{"href":"https:\/\/romfil.com\/cms\/wp-json\/wp\/v2\/pages"}],"about":[{"href":"https:\/\/romfil.com\/cms\/wp-json\/wp\/v2\/types\/page"}],"author":[{"embeddable":true,"href":"https:\/\/romfil.com\/cms\/wp-json\/wp\/v2\/users\/1"}],"replies":[{"embeddable":true,"href":"https:\/\/romfil.com\/cms\/wp-json\/wp\/v2\/comments?post=71270"}],"version-history":[{"count":8,"href":"https:\/\/romfil.com\/cms\/wp-json\/wp\/v2\/pages\/71270\/revisions"}],"predecessor-version":[{"id":71649,"href":"https:\/\/romfil.com\/cms\/wp-json\/wp\/v2\/pages\/71270\/revisions\/71649"}],"wp:attachment":[{"href":"https:\/\/romfil.com\/cms\/wp-json\/wp\/v2\/media?parent=71270"}],"curies":[{"name":"wp","href":"https:\/\/api.w.org\/{rel}","templated":true}]}}