{"id":71256,"date":"2016-11-27T16:55:14","date_gmt":"2016-11-27T15:55:14","guid":{"rendered":"http:\/\/romfil.com\/cms\/?page_id=71256"},"modified":"2025-01-27T01:34:24","modified_gmt":"2025-01-27T00:34:24","slug":"gas-management-systeme","status":"publish","type":"page","link":"https:\/\/romfil.com\/cms\/weitere-produkte\/gas-management-systeme\/","title":{"rendered":"Gas Management Systeme"},"content":{"rendered":"\n<p>Der ROMFIL Gas Contactor RGT macht es m\u00f6glich, verschiedene Gase in Fl\u00fcssigkeiten hinein zu dosieren und sie auch wieder herauszul\u00f6sen. So kann z.B. der Kohlens\u00e4uregehalt angereichert werden, um einem Wei\u00dfwein mehr Frische zu verleihen. Einem Rotwein dagegen kann unerw\u00fcnschte Kohlens\u00e4ure entzogen werden. Die CO2 Aufnahme ist bis zur S\u00e4ttigungsgrenze m\u00f6glich. Mit diesem Verfahren lassen sich auch unerw\u00fcnschte Aromen verfl\u00fcchtigen (z.B. B\u00f6ckser). Dar\u00fcber hinaus bietet ein RGT System die M\u00f6glichkeit, Sauerstoff zu entziehen, um einer fr\u00fchzeitigen Oxidation des Mediums vorzubeugen.<\/p>\n\n\n<div class=\"wp-block-image\">\n<figure class=\"aligncenter size-full\"><img loading=\"lazy\" decoding=\"async\" width=\"850\" height=\"478\" src=\"https:\/\/romfil.com\/cms\/wp-content\/uploads\/2025\/01\/IMG-20200305-WA0001.jpg\" alt=\"\" class=\"wp-image-71672\" srcset=\"https:\/\/romfil.com\/cms\/wp-content\/uploads\/2025\/01\/IMG-20200305-WA0001.jpg 850w, https:\/\/romfil.com\/cms\/wp-content\/uploads\/2025\/01\/IMG-20200305-WA0001-300x169.jpg 300w, https:\/\/romfil.com\/cms\/wp-content\/uploads\/2025\/01\/IMG-20200305-WA0001-768x432.jpg 768w\" sizes=\"auto, (max-width: 850px) 100vw, 850px\" \/><\/figure><\/div>\n\n\n<p>Der ROMFIL Gas Contactor erzeugt bei einer Dosierung von Gasen keine gro\u00dfen Gasblasen, sondern diffundiert die Gase drucklos auf mikroskopischer Ebene in das Medium. Somit ist eine genaue Dosierung im Endprodukt m\u00f6glich.<\/p>\n\n\n\n<p>Das Herz unserer Anlage ist das RGT Modul aus tausenden hochpor\u00f6sen, in sich verwebten Polypropylenfasern. Diese so entstandene Membran sorgt f\u00fcr den Austausch von Gasen und anderen Stoffen. Das RGT Modul wird von einem robusten Edelstahlrahmen gehalten. Durch s\u00e4ure- und laugenresistente R\u00e4der lassen sich Romfil Gas Contactoren einfach transportieren.<\/p>\n\n\n<div class=\"wp-block-image\">\n<figure class=\"aligncenter size-full\"><img loading=\"lazy\" decoding=\"async\" width=\"567\" height=\"756\" src=\"https:\/\/romfil.com\/cms\/wp-content\/uploads\/2025\/01\/b6af3562-ac14-41a3-a6f7-08c0eeb714f4.jpg\" alt=\"\" class=\"wp-image-71674\" srcset=\"https:\/\/romfil.com\/cms\/wp-content\/uploads\/2025\/01\/b6af3562-ac14-41a3-a6f7-08c0eeb714f4.jpg 567w, https:\/\/romfil.com\/cms\/wp-content\/uploads\/2025\/01\/b6af3562-ac14-41a3-a6f7-08c0eeb714f4-225x300.jpg 225w\" sizes=\"auto, (max-width: 567px) 100vw, 567px\" \/><\/figure><\/div>\n\n\n\n\n<p><\/p>\n","protected":false},"excerpt":{"rendered":"<p>Der ROMFIL Gas Contactor RGT macht es m\u00f6glich, verschiedene Gase in Fl\u00fcssigkeiten hinein zu dosieren und sie auch wieder herauszul\u00f6sen.<\/p>\n<p><a href=\"https:\/\/romfil.com\/cms\/weitere-produkte\/gas-management-systeme\/\" class=\"more-link\">Continue reading<span class=\"screen-reader-text\">Gas Management Systeme<\/span><\/a><\/p>\n","protected":false},"author":1,"featured_media":71175,"parent":71262,"menu_order":0,"comment_status":"closed","ping_status":"closed","template":"","meta":{"footnotes":""},"class_list":["post-71256","page","type-page","status-publish","has-post-thumbnail","hentry"],"_links":{"self":[{"href":"https:\/\/romfil.com\/cms\/wp-json\/wp\/v2\/pages\/71256","targetHints":{"allow":["GET"]}}],"collection":[{"href":"https:\/\/romfil.com\/cms\/wp-json\/wp\/v2\/pages"}],"about":[{"href":"https:\/\/romfil.com\/cms\/wp-json\/wp\/v2\/types\/page"}],"author":[{"embeddable":true,"href":"https:\/\/romfil.com\/cms\/wp-json\/wp\/v2\/users\/1"}],"replies":[{"embeddable":true,"href":"https:\/\/romfil.com\/cms\/wp-json\/wp\/v2\/comments?post=71256"}],"version-history":[{"count":3,"href":"https:\/\/romfil.com\/cms\/wp-json\/wp\/v2\/pages\/71256\/revisions"}],"predecessor-version":[{"id":71675,"href":"https:\/\/romfil.com\/cms\/wp-json\/wp\/v2\/pages\/71256\/revisions\/71675"}],"up":[{"embeddable":true,"href":"https:\/\/romfil.com\/cms\/wp-json\/wp\/v2\/pages\/71262"}],"wp:featuredmedia":[{"embeddable":true,"href":"https:\/\/romfil.com\/cms\/wp-json\/wp\/v2\/media\/71175"}],"wp:attachment":[{"href":"https:\/\/romfil.com\/cms\/wp-json\/wp\/v2\/media?parent=71256"}],"curies":[{"name":"wp","href":"https:\/\/api.w.org\/{rel}","templated":true}]}}