{"id":71253,"date":"2016-11-27T16:54:10","date_gmt":"2016-11-27T15:54:10","guid":{"rendered":"http:\/\/romfil.com\/cms\/?page_id=71253"},"modified":"2025-01-26T23:22:59","modified_gmt":"2025-01-26T22:22:59","slug":"romfil-flotationssysteme","status":"publish","type":"page","link":"https:\/\/romfil.com\/cms\/weitere-produkte\/romfil-flotationssysteme\/","title":{"rendered":"Romfil Flotationssysteme"},"content":{"rendered":"<p>Das Romfil Flotationssystem RFS ist f\u00fcr den Kleinbetrieb und Mittelbetrieb entwickelt und dient zum Kl\u00e4ren von Most direkt nach der Presse. Das RFS ist \u00e4u\u00dferst leistungsf\u00e4hig, wartungsfreundlich und speziell auch zum Flotieren kleiner Mengen geeignet. Das RFS hat sich auch bei Flotation von Problemmosten (faules Lesegut, Botrytis, Eiswein usw.) hervorragend bew\u00e4hrt.<\/p>\n<p>Die Oberfl\u00e4chenbeschaffenheit und Bauweise des Systems erlaubt eine schnelle und einfache Reinigung nach dem Gebrauch. Die Anlage ist auf einen stabilen, fahrbaren Edelstahlrahmen in offener Ger\u00fcstkonstruktion montiert und mit Transportr\u00e4dern versehen.<\/p>\n\n<div class=\"wp-block-image\">\n<figure class=\"aligncenter size-full\"><img loading=\"lazy\" decoding=\"async\" width=\"567\" height=\"576\" src=\"https:\/\/romfil.com\/cms\/wp-content\/uploads\/2025\/01\/IMG_20190819_161219.jpg\" alt=\"\" class=\"wp-image-71621\" srcset=\"https:\/\/romfil.com\/cms\/wp-content\/uploads\/2025\/01\/IMG_20190819_161219.jpg 567w, https:\/\/romfil.com\/cms\/wp-content\/uploads\/2025\/01\/IMG_20190819_161219-295x300.jpg 295w\" sizes=\"auto, (max-width: 567px) 100vw, 567px\" \/><\/figure><\/div>","protected":false},"excerpt":{"rendered":"<p>Das Romfil Flotationssystem RFS ist f\u00fcr den Kleinbetrieb und Mittelbetrieb entwickelt und dient zum Kl\u00e4ren von Most direkt nach der<\/p>\n<p><a href=\"https:\/\/romfil.com\/cms\/weitere-produkte\/romfil-flotationssysteme\/\" class=\"more-link\">Continue reading<span class=\"screen-reader-text\">Romfil Flotationssysteme<\/span><\/a><\/p>\n","protected":false},"author":1,"featured_media":71169,"parent":71262,"menu_order":0,"comment_status":"closed","ping_status":"closed","template":"","meta":{"footnotes":""},"class_list":["post-71253","page","type-page","status-publish","has-post-thumbnail","hentry"],"_links":{"self":[{"href":"https:\/\/romfil.com\/cms\/wp-json\/wp\/v2\/pages\/71253","targetHints":{"allow":["GET"]}}],"collection":[{"href":"https:\/\/romfil.com\/cms\/wp-json\/wp\/v2\/pages"}],"about":[{"href":"https:\/\/romfil.com\/cms\/wp-json\/wp\/v2\/types\/page"}],"author":[{"embeddable":true,"href":"https:\/\/romfil.com\/cms\/wp-json\/wp\/v2\/users\/1"}],"replies":[{"embeddable":true,"href":"https:\/\/romfil.com\/cms\/wp-json\/wp\/v2\/comments?post=71253"}],"version-history":[{"count":2,"href":"https:\/\/romfil.com\/cms\/wp-json\/wp\/v2\/pages\/71253\/revisions"}],"predecessor-version":[{"id":71622,"href":"https:\/\/romfil.com\/cms\/wp-json\/wp\/v2\/pages\/71253\/revisions\/71622"}],"up":[{"embeddable":true,"href":"https:\/\/romfil.com\/cms\/wp-json\/wp\/v2\/pages\/71262"}],"wp:featuredmedia":[{"embeddable":true,"href":"https:\/\/romfil.com\/cms\/wp-json\/wp\/v2\/media\/71169"}],"wp:attachment":[{"href":"https:\/\/romfil.com\/cms\/wp-json\/wp\/v2\/media?parent=71253"}],"curies":[{"name":"wp","href":"https:\/\/api.w.org\/{rel}","templated":true}]}}