{"id":71247,"date":"2016-11-27T16:46:03","date_gmt":"2016-11-27T15:46:03","guid":{"rendered":"http:\/\/romfil.com\/cms\/?page_id=71247"},"modified":"2025-01-27T01:12:42","modified_gmt":"2025-01-27T00:12:42","slug":"uber-uns","status":"publish","type":"page","link":"https:\/\/romfil.com\/cms\/uber-uns\/","title":{"rendered":"Das\u00a0 Romfil Good Filtrations Konzept"},"content":{"rendered":"\n<p>Als Hersteller stellen wir uns die Frage, unter welchen Bedingungen ein Produkt auf dem Markt platzierbar ist, das von der Produktion und im Einsatz verantwortungsvoll mit Ressourcen, den Menschen, die Natur und die Technik betreffend umgeht.<\/p>\n\n\n\n<p>F\u00fcr das Produkt bedeutet es zum einen, Arbeitsbedingungen zu schaffen, die sich an den Anforderungen der derzeitigen Arbeitswelt orientieren: moderne Arbeitspl\u00e4tze, Auswahl ressourcenorientierter Arbeitsmittel und auf das Team zugeschnittene Arbeitszeiten\u2014wie z.B. eine Vier-Tage-Woche.<\/p>\n\n\n<div class=\"wp-block-image\">\n<figure class=\"aligncenter size-full\"><img loading=\"lazy\" decoding=\"async\" width=\"776\" height=\"660\" src=\"https:\/\/romfil.com\/cms\/wp-content\/uploads\/2025\/01\/IMG_29811-1.jpg\" alt=\"\" class=\"wp-image-71670\" srcset=\"https:\/\/romfil.com\/cms\/wp-content\/uploads\/2025\/01\/IMG_29811-1.jpg 776w, https:\/\/romfil.com\/cms\/wp-content\/uploads\/2025\/01\/IMG_29811-1-300x255.jpg 300w, https:\/\/romfil.com\/cms\/wp-content\/uploads\/2025\/01\/IMG_29811-1-768x653.jpg 768w\" sizes=\"auto, (max-width: 776px) 100vw, 776px\" \/><\/figure><\/div>\n\n\n<p>Die Auswahl der Komponenten unserer Anlage erfolgt nach dem \u201ePrinzip der kurzen Lieferwege\u201c. Das bedeutet, dass Romfil Anlagen aus Komponenten bestehen, die zu \u00fcber 85 Prozent in Deutschland oder der Europ\u00e4ischen Union gefertigt werden. Was wiederum bedeutet, die Arbeitsbedingungen der Herstellung der Komponenten unterliegt den Gesetzen der EU. Dazu kommt, dass wir so kurze Lieferwege einhalten und nat\u00fcrlich auch eine schnelle Ersatzteillieferung garantieren k\u00f6nnen.<\/p>\n\n\n\n<p>Ein weiterer Aspekt des Good Filtrations Ansatzes ist der Umgang mit den Themen Energie und Reinigungsmittel. Romfil Crossflowfiltrationsanlagen sind der Art konzipiert, dass auf \u00e4u\u00dferst energieeffiziente Weise in nur einem Filtrationsgang das zu filtrierende Medium die Anlage passiert. In den sonnenreichen Monaten entstehen die Anlagen komplett mit Hilfe von Solar-Energie unserer Photovoltaik-Anlage. Der seit Jahrzehnten bestehende Parameter der langen Standzeit einer Romfil Anlage bleibt nat\u00fcrlich unangetastet.<\/p>\n\n\n\n<p>Dar\u00fcber hinaus arbeiten wir konsequent an der Verringerung von unn\u00f6tigen Reinigungseins\u00e4tzen, z.B. mittels der R\u00fccksp\u00fclung mit dem Produkt (Evoflush). Durch die Verbesserung unserer Romfil-Reinigungsmittel verringern wir die Dosierungen an Reinigungsmitteleinheiten. Seit 2023 sind die Beh\u00e4lter der Romfil Reinigungsmittel wiederverwendbar.<\/p>\n\n\n\n<p>Das Romfil Good Filtrations Konzept stellt die Rahmenbedingungen sicher, die das europ\u00e4ische Lieferkettensorgfaltspflichtengesetz fordert.<\/p>\n\n\n\n<p>&nbsp;<\/p>\n","protected":false},"excerpt":{"rendered":"<p>Als Hersteller stellen wir uns die Frage, unter welchen Bedingungen ein Produkt auf dem Markt platzierbar ist, das von der<\/p>\n<p><a href=\"https:\/\/romfil.com\/cms\/uber-uns\/\" class=\"more-link\">Continue reading<span class=\"screen-reader-text\">Das\u00a0 Romfil Good Filtrations Konzept<\/span><\/a><\/p>\n","protected":false},"author":1,"featured_media":71149,"parent":0,"menu_order":0,"comment_status":"closed","ping_status":"closed","template":"","meta":{"footnotes":""},"class_list":["post-71247","page","type-page","status-publish","has-post-thumbnail","hentry"],"_links":{"self":[{"href":"https:\/\/romfil.com\/cms\/wp-json\/wp\/v2\/pages\/71247","targetHints":{"allow":["GET"]}}],"collection":[{"href":"https:\/\/romfil.com\/cms\/wp-json\/wp\/v2\/pages"}],"about":[{"href":"https:\/\/romfil.com\/cms\/wp-json\/wp\/v2\/types\/page"}],"author":[{"embeddable":true,"href":"https:\/\/romfil.com\/cms\/wp-json\/wp\/v2\/users\/1"}],"replies":[{"embeddable":true,"href":"https:\/\/romfil.com\/cms\/wp-json\/wp\/v2\/comments?post=71247"}],"version-history":[{"count":3,"href":"https:\/\/romfil.com\/cms\/wp-json\/wp\/v2\/pages\/71247\/revisions"}],"predecessor-version":[{"id":71671,"href":"https:\/\/romfil.com\/cms\/wp-json\/wp\/v2\/pages\/71247\/revisions\/71671"}],"wp:featuredmedia":[{"embeddable":true,"href":"https:\/\/romfil.com\/cms\/wp-json\/wp\/v2\/media\/71149"}],"wp:attachment":[{"href":"https:\/\/romfil.com\/cms\/wp-json\/wp\/v2\/media?parent=71247"}],"curies":[{"name":"wp","href":"https:\/\/api.w.org\/{rel}","templated":true}]}}