{"id":71242,"date":"2016-11-27T16:41:41","date_gmt":"2016-11-27T15:41:41","guid":{"rendered":"http:\/\/romfil.com\/cms\/?page_id=71242"},"modified":"2025-01-27T14:01:13","modified_gmt":"2025-01-27T13:01:13","slug":"bierfiltration","status":"publish","type":"page","link":"https:\/\/romfil.com\/cms\/bierfiltration\/","title":{"rendered":"Bierfiltration"},"content":{"rendered":"\n<p>Wir freuen uns, dass wir Ihr Interesse f\u00fcr unsere neue Produktreihe, die Crossflow Bierfiltrationssysteme RXF-B, geweckt haben. Hinter uns liegt eine lange Phase der Entwicklung, der Konstruktion und des Testens.<\/p>\n\n\n<div class=\"wp-block-image\">\n<figure class=\"aligncenter\"><img loading=\"lazy\" decoding=\"async\" width=\"300\" height=\"225\" src=\"https:\/\/romfil.com\/cms\/wp-content\/uploads\/2018\/11\/Folie8-300x225.jpg\" alt=\"\" class=\"wp-image-71483\" srcset=\"https:\/\/romfil.com\/cms\/wp-content\/uploads\/2018\/11\/Folie8-300x225.jpg 300w, https:\/\/romfil.com\/cms\/wp-content\/uploads\/2018\/11\/Folie8-768x576.jpg 768w, https:\/\/romfil.com\/cms\/wp-content\/uploads\/2018\/11\/Folie8.jpg 960w\" sizes=\"auto, (max-width: 300px) 100vw, 300px\" \/><\/figure><\/div>\n\n\n<p><\/p>\n\n\n\n<p>Die Romfil XF-B- Systeme profitieren von unserer nun schon \u00fcber Jahrzehnte gewachsenen Erfahrung aus unseren Romfil Crossflow Weinfiltrationssystemen. Dar\u00fcber hinaus konnten wir zahlreiche internationale Brauerei-Spezialisten f\u00fcr die Zusammenarbeit gewinnen.<\/p>\n\n\n\n<p>Nun sind wir stolz, Ihnen unsere neue Produktpalette f\u00fcr die Crossflow Bierfiltration zu pr\u00e4sentieren.<\/p>\n\n\n\n<p>\u00a0<\/p>\n\n\n<div class=\"wp-block-image\">\n<figure class=\"aligncenter size-large\"><img loading=\"lazy\" decoding=\"async\" width=\"768\" height=\"1024\" src=\"https:\/\/romfil.com\/cms\/wp-content\/uploads\/2025\/01\/IMG_1858-1-768x1024.jpg\" alt=\"\" class=\"wp-image-71665\" srcset=\"https:\/\/romfil.com\/cms\/wp-content\/uploads\/2025\/01\/IMG_1858-1-768x1024.jpg 768w, https:\/\/romfil.com\/cms\/wp-content\/uploads\/2025\/01\/IMG_1858-1-225x300.jpg 225w, https:\/\/romfil.com\/cms\/wp-content\/uploads\/2025\/01\/IMG_1858-1-1152x1536.jpg 1152w, https:\/\/romfil.com\/cms\/wp-content\/uploads\/2025\/01\/IMG_1858-1-1536x2048.jpg 1536w, https:\/\/romfil.com\/cms\/wp-content\/uploads\/2025\/01\/IMG_1858-1.jpg 1890w\" sizes=\"auto, (max-width: 768px) 100vw, 768px\" \/><\/figure><\/div>\n\n\n<p>Die Romfil Evoflow Technologie ist konzipiert f\u00fcr die Filtration mit der bestm\u00f6glichen Produktschonung. Die sensorische und die sichtbare Qualit\u00e4t des Bieres ist h\u00f6her als bei anderen Filtrationsarten, eine hohe Schaumstabilit\u00e4t ist gegeben.<\/p>\n\n\n\n<p>F\u00fcr die Filtration ben\u00f6tigen Romfil Filtrationssysteme nur einen Filtrationsgang. Unsere Technologie bietet Ihnen die M\u00f6glichkeit, kosteneffizient, energiesparend und ger\u00e4uscharm zu arbeiten. Auch mit Schwebstoffen belastete Biere stellen bis zu einem gewissen Grad kein Problem dar.<\/p>\n\n\n<div class=\"wp-block-image\">\n<figure class=\"aligncenter\"><img loading=\"lazy\" decoding=\"async\" width=\"300\" height=\"225\" src=\"https:\/\/romfil.com\/cms\/wp-content\/uploads\/2018\/11\/Folie12-300x225.jpg\" alt=\"\" class=\"wp-image-71484\" srcset=\"https:\/\/romfil.com\/cms\/wp-content\/uploads\/2018\/11\/Folie12-300x225.jpg 300w, https:\/\/romfil.com\/cms\/wp-content\/uploads\/2018\/11\/Folie12-768x576.jpg 768w, https:\/\/romfil.com\/cms\/wp-content\/uploads\/2018\/11\/Folie12.jpg 960w\" sizes=\"auto, (max-width: 300px) 100vw, 300px\" \/><\/figure><\/div>\n\n\n<p><\/p>\n\n\n\n<p>Gleichzeitig erhalten sie ein hochwertiges Filtrationsergebnis, um eine h\u00f6here Haltbarkeit und Qualit\u00e4t f\u00fcr Ihr Produkt zu erzielen \u2013 und das bei geringer Restmenge.<\/p>\n\n\n\n<p>Die Vorteile der Romfil Bier Filtrationssysteme RXF-B auf einen Blick:<\/p>\n\n\n\n<ul class=\"wp-block-list\">\n<li>Automatisierte Filtration<\/li>\n\n\n\n<li>Nur ein Filtrationsgang<\/li>\n\n\n\n<li>Hohe Qualit\u00e4t in der Sensorik und im Geschmack<\/li>\n\n\n\n<li>Hohe Schaumstabilit\u00e4t<\/li>\n\n\n\n<li>Kosteneffizienz<\/li>\n\n\n\n<li>Energieeffizienz, durch komfortable Reinigung und Energiemanagement<\/li>\n\n\n\n<li>geringe Restmenge<\/li>\n\n\n\n<li>Reinheitsgebotskonform<\/li>\n\n\n\n<li>als halb- und vollautomatisierte Variante erh\u00e4ltlich<\/li>\n<\/ul>\n\n\n\n<p>&nbsp;<\/p>\n\n\n<div class=\"wp-block-image\">\n<figure class=\"aligncenter size-large\"><img loading=\"lazy\" decoding=\"async\" width=\"768\" height=\"1024\" src=\"https:\/\/romfil.com\/cms\/wp-content\/uploads\/2025\/01\/IMG_1848-1-768x1024.jpg\" alt=\"\" class=\"wp-image-71666\" srcset=\"https:\/\/romfil.com\/cms\/wp-content\/uploads\/2025\/01\/IMG_1848-1-768x1024.jpg 768w, https:\/\/romfil.com\/cms\/wp-content\/uploads\/2025\/01\/IMG_1848-1-225x300.jpg 225w, https:\/\/romfil.com\/cms\/wp-content\/uploads\/2025\/01\/IMG_1848-1-1152x1536.jpg 1152w, https:\/\/romfil.com\/cms\/wp-content\/uploads\/2025\/01\/IMG_1848-1.jpg 1417w\" sizes=\"auto, (max-width: 768px) 100vw, 768px\" \/><\/figure><\/div>","protected":false},"excerpt":{"rendered":"<p>Wir freuen uns, dass wir Ihr Interesse f\u00fcr unsere neue Produktreihe, die Crossflow Bierfiltrationssysteme RXF-B, geweckt haben. Hinter uns liegt<\/p>\n<p><a href=\"https:\/\/romfil.com\/cms\/bierfiltration\/\" class=\"more-link\">Continue reading<span class=\"screen-reader-text\">Bierfiltration<\/span><\/a><\/p>\n","protected":false},"author":1,"featured_media":71157,"parent":0,"menu_order":0,"comment_status":"closed","ping_status":"closed","template":"","meta":{"footnotes":""},"class_list":["post-71242","page","type-page","status-publish","has-post-thumbnail","hentry"],"_links":{"self":[{"href":"https:\/\/romfil.com\/cms\/wp-json\/wp\/v2\/pages\/71242","targetHints":{"allow":["GET"]}}],"collection":[{"href":"https:\/\/romfil.com\/cms\/wp-json\/wp\/v2\/pages"}],"about":[{"href":"https:\/\/romfil.com\/cms\/wp-json\/wp\/v2\/types\/page"}],"author":[{"embeddable":true,"href":"https:\/\/romfil.com\/cms\/wp-json\/wp\/v2\/users\/1"}],"replies":[{"embeddable":true,"href":"https:\/\/romfil.com\/cms\/wp-json\/wp\/v2\/comments?post=71242"}],"version-history":[{"count":7,"href":"https:\/\/romfil.com\/cms\/wp-json\/wp\/v2\/pages\/71242\/revisions"}],"predecessor-version":[{"id":71667,"href":"https:\/\/romfil.com\/cms\/wp-json\/wp\/v2\/pages\/71242\/revisions\/71667"}],"wp:featuredmedia":[{"embeddable":true,"href":"https:\/\/romfil.com\/cms\/wp-json\/wp\/v2\/media\/71157"}],"wp:attachment":[{"href":"https:\/\/romfil.com\/cms\/wp-json\/wp\/v2\/media?parent=71242"}],"curies":[{"name":"wp","href":"https:\/\/api.w.org\/{rel}","templated":true}]}}